{"id":926,"date":"2014-10-28T13:28:34","date_gmt":"2014-10-28T11:28:34","guid":{"rendered":"http:\/\/www.rpm-technik.at\/cms\/?page_id=926"},"modified":"2017-07-10T13:24:11","modified_gmt":"2017-07-10T11:24:11","slug":"impressum","status":"publish","type":"page","link":"https:\/\/www.rpm-technik.at\/cms\/impressum\/","title":{"rendered":"Impressum"},"content":{"rendered":"<p><em><strong>F\u00fcr den Inhalt verantwortlich:<\/strong><\/em><br \/>\nRPM Kfz-Meisterbetrieb<br \/>\nRainer-Pranter Matthias<br \/>\nSiemensstra\u00dfe 20<br \/>\n6063 Rum bei Innsbruck<br \/>\n<a href=\"mailto:info@rpm-technik.at\">info@rpm-technik.at<\/a><br \/>\nTel: +43 (0) 699 172 611 13<\/p>\n<p><em><strong><br \/>\nHomepageerstellung:<\/strong><\/em><br \/>\nValerie Bichler<br \/>\nGrafikfieber Werbegrafikdesign<br \/>\nPlaik 93c, 6105 Leutasch &#8211; Tirol<br \/>\nwww.grafikfieber.com<br \/>\ninfo@grafikfieber.com<\/p>\n<p><em><strong>Disclaimer<\/strong><\/em><\/p>\n<p><strong>Haftungsausschluss<\/strong><br \/>\nF\u00fcr die Richtigkeit und Vollst\u00e4ndigkeit der auf der Homepage www.rpm-technik.at angebotenen Inhalte wird keine Gew\u00e4hr \u00fcbernommen. Den angebotenen Informationen kommt keine Rechtsverbindlichkeit zu. F\u00fcr die Inhalte und Richtigkeit von Seiten, die auf diese Homepage verweisen bzw verlinken, \u00fcbernehmen wir keinerlei Haftung. Alle Rechte vorbehalten.<\/p>\n<p>&nbsp;<\/p>\n","protected":false},"excerpt":{"rendered":"<p>F\u00fcr den Inhalt verantwortlich: RPM Kfz-Meisterbetrieb Rainer-Pranter Matthias Siemensstra\u00dfe 20 6063 Rum bei Innsbruck info@rpm-technik.at Tel: +43 (0) 699 172 611 13 Homepageerstellung: Valerie Bichler Grafikfieber Werbegrafikdesign Plaik 93c, 6105 Leutasch &#8211; Tirol www.grafikfieber.com info@grafikfieber.com Disclaimer Haftungsausschluss F\u00fcr die Richtigkeit und Vollst\u00e4ndigkeit der auf der Homepage www.rpm-technik.at angebotenen Inhalte wird keine Gew\u00e4hr \u00fcbernommen. Den angebotenen Informationen kommt keine Rechtsverbindlichkeit zu. F\u00fcr die Inhalte und Richtigkeit von Seiten, die auf diese Homepage verweisen bzw verlinken, \u00fcbernehmen wir keinerlei Haftung. Alle Rechte vorbehalten. &nbsp;<\/p>\n","protected":false},"author":1,"featured_media":0,"parent":0,"menu_order":0,"comment_status":"closed","ping_status":"closed","template":"","meta":{"footnotes":""},"class_list":["post-926","page","type-page","status-publish","hentry"],"yoast_head":"<!-- This site is optimized with the Yoast SEO plugin v25.7 - https:\/\/yoast.com\/wordpress\/plugins\/seo\/ -->\n<title>KFZ Impressum - rpm-technik.at<\/title>\n<meta name=\"description\" content=\"RPM-Technik ist ein KFZ Meisterbetrieb in Rum bei Innsruck. Wir machen alles von Service, Pickerl \u00fcber Reparaturen und Fahrwerkumbauten bis zum Tuning\" \/>\n<meta name=\"robots\" content=\"index, follow, max-snippet:-1, max-image-preview:large, max-video-preview:-1\" \/>\n<link rel=\"canonical\" href=\"https:\/\/www.rpm-technik.at\/cms\/impressum\/\" \/>\n<meta property=\"og:locale\" content=\"de_DE\" \/>\n<meta property=\"og:type\" content=\"article\" \/>\n<meta property=\"og:title\" content=\"KFZ Impressum - rpm-technik.at\" \/>\n<meta property=\"og:description\" content=\"RPM-Technik ist ein KFZ Meisterbetrieb in Rum bei Innsruck. Wir machen alles von Service, Pickerl \u00fcber Reparaturen und Fahrwerkumbauten bis zum Tuning\" \/>\n<meta property=\"og:url\" content=\"https:\/\/www.rpm-technik.at\/cms\/impressum\/\" \/>\n<meta property=\"og:site_name\" content=\"KFZ Meisterbetrieb - rpm-technik.at\" \/>\n<meta property=\"article:modified_time\" content=\"2017-07-10T11:24:11+00:00\" \/>\n<script type=\"application\/ld+json\" class=\"yoast-schema-graph\">{\"@context\":\"https:\/\/schema.org\",\"@graph\":[{\"@type\":\"WebPage\",\"@id\":\"https:\/\/www.rpm-technik.at\/cms\/impressum\/\",\"url\":\"https:\/\/www.rpm-technik.at\/cms\/impressum\/\",\"name\":\"KFZ Impressum - rpm-technik.at\",\"isPartOf\":{\"@id\":\"https:\/\/www.rpm-technik.at\/cms\/#website\"},\"datePublished\":\"2014-10-28T11:28:34+00:00\",\"dateModified\":\"2017-07-10T11:24:11+00:00\",\"description\":\"RPM-Technik ist ein KFZ Meisterbetrieb in Rum bei Innsruck. Wir machen alles von Service, Pickerl \u00fcber Reparaturen und Fahrwerkumbauten bis zum Tuning\",\"breadcrumb\":{\"@id\":\"https:\/\/www.rpm-technik.at\/cms\/impressum\/#breadcrumb\"},\"inLanguage\":\"de\",\"potentialAction\":[{\"@type\":\"ReadAction\",\"target\":[\"https:\/\/www.rpm-technik.at\/cms\/impressum\/\"]}]},{\"@type\":\"BreadcrumbList\",\"@id\":\"https:\/\/www.rpm-technik.at\/cms\/impressum\/#breadcrumb\",\"itemListElement\":[{\"@type\":\"ListItem\",\"position\":1,\"name\":\"Home\",\"item\":\"https:\/\/www.rpm-technik.at\/cms\/\"},{\"@type\":\"ListItem\",\"position\":2,\"name\":\"Impressum\"}]},{\"@type\":\"WebSite\",\"@id\":\"https:\/\/www.rpm-technik.at\/cms\/#website\",\"url\":\"https:\/\/www.rpm-technik.at\/cms\/\",\"name\":\"KFZ Meisterbetrieb - rpm-technik.at\",\"description\":\"KFZ-Meisterbetrieb in Innsbruck\",\"potentialAction\":[{\"@type\":\"SearchAction\",\"target\":{\"@type\":\"EntryPoint\",\"urlTemplate\":\"https:\/\/www.rpm-technik.at\/cms\/?s={search_term_string}\"},\"query-input\":{\"@type\":\"PropertyValueSpecification\",\"valueRequired\":true,\"valueName\":\"search_term_string\"}}],\"inLanguage\":\"de\"}]}<\/script>\n<!-- \/ Yoast SEO plugin. -->","yoast_head_json":{"title":"KFZ Impressum - rpm-technik.at","description":"RPM-Technik ist ein KFZ Meisterbetrieb in Rum bei Innsruck. Wir machen alles von Service, Pickerl \u00fcber Reparaturen und Fahrwerkumbauten bis zum Tuning","robots":{"index":"index","follow":"follow","max-snippet":"max-snippet:-1","max-image-preview":"max-image-preview:large","max-video-preview":"max-video-preview:-1"},"canonical":"https:\/\/www.rpm-technik.at\/cms\/impressum\/","og_locale":"de_DE","og_type":"article","og_title":"KFZ Impressum - rpm-technik.at","og_description":"RPM-Technik ist ein KFZ Meisterbetrieb in Rum bei Innsruck. Wir machen alles von Service, Pickerl \u00fcber Reparaturen und Fahrwerkumbauten bis zum Tuning","og_url":"https:\/\/www.rpm-technik.at\/cms\/impressum\/","og_site_name":"KFZ Meisterbetrieb - rpm-technik.at","article_modified_time":"2017-07-10T11:24:11+00:00","schema":{"@context":"https:\/\/schema.org","@graph":[{"@type":"WebPage","@id":"https:\/\/www.rpm-technik.at\/cms\/impressum\/","url":"https:\/\/www.rpm-technik.at\/cms\/impressum\/","name":"KFZ Impressum - rpm-technik.at","isPartOf":{"@id":"https:\/\/www.rpm-technik.at\/cms\/#website"},"datePublished":"2014-10-28T11:28:34+00:00","dateModified":"2017-07-10T11:24:11+00:00","description":"RPM-Technik ist ein KFZ Meisterbetrieb in Rum bei Innsruck. Wir machen alles von Service, Pickerl \u00fcber Reparaturen und Fahrwerkumbauten bis zum Tuning","breadcrumb":{"@id":"https:\/\/www.rpm-technik.at\/cms\/impressum\/#breadcrumb"},"inLanguage":"de","potentialAction":[{"@type":"ReadAction","target":["https:\/\/www.rpm-technik.at\/cms\/impressum\/"]}]},{"@type":"BreadcrumbList","@id":"https:\/\/www.rpm-technik.at\/cms\/impressum\/#breadcrumb","itemListElement":[{"@type":"ListItem","position":1,"name":"Home","item":"https:\/\/www.rpm-technik.at\/cms\/"},{"@type":"ListItem","position":2,"name":"Impressum"}]},{"@type":"WebSite","@id":"https:\/\/www.rpm-technik.at\/cms\/#website","url":"https:\/\/www.rpm-technik.at\/cms\/","name":"KFZ Meisterbetrieb - rpm-technik.at","description":"KFZ-Meisterbetrieb in Innsbruck","potentialAction":[{"@type":"SearchAction","target":{"@type":"EntryPoint","urlTemplate":"https:\/\/www.rpm-technik.at\/cms\/?s={search_term_string}"},"query-input":{"@type":"PropertyValueSpecification","valueRequired":true,"valueName":"search_term_string"}}],"inLanguage":"de"}]}},"_links":{"self":[{"href":"https:\/\/www.rpm-technik.at\/cms\/wp-json\/wp\/v2\/pages\/926","targetHints":{"allow":["GET"]}}],"collection":[{"href":"https:\/\/www.rpm-technik.at\/cms\/wp-json\/wp\/v2\/pages"}],"about":[{"href":"https:\/\/www.rpm-technik.at\/cms\/wp-json\/wp\/v2\/types\/page"}],"author":[{"embeddable":true,"href":"https:\/\/www.rpm-technik.at\/cms\/wp-json\/wp\/v2\/users\/1"}],"replies":[{"embeddable":true,"href":"https:\/\/www.rpm-technik.at\/cms\/wp-json\/wp\/v2\/comments?post=926"}],"version-history":[{"count":5,"href":"https:\/\/www.rpm-technik.at\/cms\/wp-json\/wp\/v2\/pages\/926\/revisions"}],"predecessor-version":[{"id":928,"href":"https:\/\/www.rpm-technik.at\/cms\/wp-json\/wp\/v2\/pages\/926\/revisions\/928"}],"wp:attachment":[{"href":"https:\/\/www.rpm-technik.at\/cms\/wp-json\/wp\/v2\/media?parent=926"}],"curies":[{"name":"wp","href":"https:\/\/api.w.org\/{rel}","templated":true}]}}